{"id":17,"date":"2024-11-23T18:32:02","date_gmt":"2024-11-23T18:32:02","guid":{"rendered":"https:\/\/markt-pro.de\/?page_id=17"},"modified":"2025-01-05T14:12:37","modified_gmt":"2025-01-05T14:12:37","slug":"one-page-express","status":"publish","type":"page","link":"https:\/\/markt-pro.de\/","title":{"rendered":"Front Page"},"content":{"rendered":"<div  id=\"overlapable-2\" style=\"background-color: #ffffff;\" data-label=\"Overlapable\" data-id=\"stripped-coloured-icon-boxes\" data-category=\"overlapable\" class=\"features-coloured-icon-boxes-section\" data-overlap=\"true\"> <div  class=\"gridContainer\"> <div  class=\"features-coloured-icon-boxes-innerrow flexbox-list dark-text\" data-type=\"row\"> <div  class=\"features-coloured-icon-boxes-featurecol cp3cols\"> <div  class=\"features-coloured-icon-boxes-iconcontainer\" data-content-item-container=\"true\"> <i  data-cp-fa=\"true\" class=\"features-coloured-icon fa fa-barcode\"><\/i> <\/div> <h4  class=\"\">Webshop<\/h4> <p  class=\"\">Wir entwickeln ma\u00dfgeschneiderte Webshops, die genau auf deine Bed\u00fcrfnisse abgestimmt sind. Von Design bis zur Integration von Bezahlsystemen..<\/p> <a class=\"features-coloured-button\" href=\"#\" target=\"_self\" rel=\"noopener\">Mehr erfahren<\/a> <\/div> <div  class=\"features-coloured-icon-boxes-featurecol cp3cols\"> <div  class=\"features-coloured-icon-boxes-iconcontainer\" data-content-item-container=\"true\"> <i  data-cp-fa=\"true\" class=\"features-coloured-icon fa fa-desktop\"><\/i> <\/div> <h4  class=\"\">Effizientes Warenwirtschaft<\/h4> <p  class=\"\">Behalte den \u00dcberblick \u00fcber deinen Bestand! Mit unseren L\u00f6sungen f\u00fcr Warenwirtschaft &amp; Lagermanagement optimierst du deine Prozesse ..<\/p> <a class=\"features-coloured-button\" href=\"#\" target=\"_self\" rel=\"noopener\">MEHR ERFAHREN<\/a> <\/div> <div  class=\"features-coloured-icon-boxes-featurecol cp3cols\"> <div  class=\"features-coloured-icon-boxes-iconcontainer\" data-content-item-container=\"true\"> <i  data-cp-fa=\"true\" class=\"features-coloured-icon fa fa-amazon\"><\/i> <\/div> <h4  class=\"\">Marktpl\u00e4tze<\/h4> <p  class=\"\">Erreiche mehr Kunden, indem du deinen Shop auf f\u00fchrenden Marktpl\u00e4tzen wie Amazon, eBay oder Otto pr\u00e4sentierst. Wir \u00fcbernehmen die Einrichtung \u2026&nbsp;<\/p> <a class=\"features-coloured-button\" href=\"#\" target=\"_self\" rel=\"noopener\">MEHR ERFAHREN<\/a> <\/div> <div  class=\"features-coloured-icon-boxes-featurecol cp3cols\"> <div  class=\"features-coloured-icon-boxes-iconcontainer\" data-content-item-container=\"true\"> <i  data-cp-fa=\"true\" class=\"features-coloured-icon fa fa-handshake-o\"><\/i> <\/div> <h4  class=\"\">E-Commerce-Beratung<\/h4> <p  class=\"\">Von der Strategie bis zur Umsetzung \u2013 wir beraten dich umfassend, damit dein Online-Shop langfristig erfolgreich bleibt\u2026\n\n<br ><\/p> <a class=\"features-coloured-button\" href=\"#\" target=\"_self\" rel=\"noopener\">MEHR ERFAHREN<\/a> <\/div> <\/div> <\/div><\/div><div  id=\"about-1\" style=\"background-color: #f6f6f6;\" data-label=\"About\" data-id=\"about-big-images-section\" data-category=\"about\" class=\"about-big-images-section\"> <div  class=\"gridContainer\"> <div  class=\"about-big-images-textrow\"> <div  class=\"about-big-images-textcol dynamic-color\" data-type=\"column\"> <h5  class=\"\">KUNDENSERVICE &amp; BETREUNG<\/h5> <h3  class=\"\">Ob technischer Support oder Fragen zu deinem E-Shop&nbsp;<span  href=\"#\" class=\"span25\">wir stehen dir zur Seite<\/span>&nbsp; , wann immer du uns brauchst.<\/h3> <p  class=\"\">Umfassender Support f\u00fcr deinen Erfolg<\/p> <a class=\"button blue big\" href=\"#\" target=\"_self\" rel=\"noopener\">MARKT PRO TEAM KONTAKTIEREN<\/a> <\/div> <\/div> <\/div> <div  class=\"about-big-images-bottomrow\"> <div  class=\"about-big-images-leftimgcol\"><img  decoding=\"async\" class=\"about-big-images-leftimg\" src=\"https:\/\/markt-pro.de\/wp-content\/uploads\/2024\/12\/cashbox-810262_640.jpg\" alt=\"\"> <\/div> <div  class=\"about-big-images-centerimgcol\"><img  decoding=\"async\" class=\"about-big-images-centerimg\" src=\"https:\/\/markt-pro.de\/wp-content\/uploads\/2024\/12\/hand-4682746_640.jpg\" alt=\"\"> <\/div> <div  class=\"about-big-images-rightimgcol\"><img  decoding=\"async\" class=\"about-big-images-rightimg\" src=\"https:\/\/markt-pro.de\/wp-content\/plugins\/one-page-express-companion\/theme-data\/one-page-express\/sections\/images\/project1.jpg\"> <\/div> <\/div> <\/div><div  id=\"content-3\" style=\"background-color: #ffffff;\" data-label=\"Content\" data-id=\"content-image-left\" data-category=\"content\" class=\"content-left-image-section\"> <div  class=\"gridContainer\"> <div  class=\"row\"> <div  class=\"content-left-image-imgcol\" data-type=\"column\"> <img  decoding=\"async\" src=\"https:\/\/markt-pro.de\/wp-content\/uploads\/2024\/12\/search-engine-optimization-4111000_640.jpg\" class=\"\" alt=\"\"> <\/div> <div  class=\"content-left-image-textcol dynamic-color\" data-type=\"column\"> <h2  class=\"\">Optimierung &amp; SEO<\/h2> <p  class=\"large_text\"> Unser Team hilft dir, deinen Webshop zu optimieren \u2013 f\u00fcr schnellere Ladezeiten, bessere Nutzererfahrung und eine h\u00f6here Sichtbarkeit in Suchmaschinen. <\/p> <a class=\"button blue\" href=\"#\" target=\"_self\" rel=\"noopener\"> MEHR ERFAHREN <\/a> <\/div> <\/div> <\/div> <\/div><div  id=\"content-4\" style=\"background-color: #f6f6f6;\" data-label=\"Content\" data-id=\"content-image-right\" data-category=\"content\" class=\"content-right-image-section\"> <div  class=\"gridContainer\"> <div  class=\"content-right-image-gridcol\"> <div  class=\"content-right-image-textcol dynamic-color\" data-type=\"column\"> <h2  class=\"\">Marketing und Social Media<\/h2> <p  class=\"large_text\"> Wir bringen deine Marke ins Rampenlicht. Mit zielgerichteten Social-Media-Kampagnen und ma\u00dfgeschneidertem Content erreichst du deine Zielgruppe und steigerst deinen Umsatz. <\/p> <a class=\"button blue\" href=\"#\" target=\"_self\" rel=\"noopener\"> mehr erfahren <\/a> <\/div> <div  class=\"content-right-image-imgcol\" data-type=\"column\"> <img  decoding=\"async\" src=\"https:\/\/markt-pro.de\/wp-content\/uploads\/2024\/12\/online-marketing-1246457_640.jpg\" class=\"\" alt=\"\"> <\/div> <\/div> <\/div> <\/div><div  id=\"portfolio-2\" style=\"background-color: #ffffff;\" data-label=\"Portfolio\" data-id=\"portfolio-full-section\" data-category=\"portfolio\"> <div  class=\"portfolio-full-section\" data-type=\"row\"> <div  class=\"portfolio-full-projectco cp4cols cp4cols-tablet\"> <div  class=\"contentswap-effect ContentSwap103\" hover-fx=\"ContentSwap103\" id=\"ContentSwap103\"> <div  class=\"ContentSwap103_content initial-image\"><img  decoding=\"async\" class=\"portfolio-full-projectimg\" data-size=\"1200x800\" src=\"https:\/\/markt-pro.de\/wp-content\/uploads\/2025\/01\/cropped-shop-1908580_640.jpg\"> <\/div> <div  class=\"overlay\" style=\"display: block; opacity: 1;\"><\/div> <div  class=\"swap-inner\" style=\"opacity: 1; display: block;\"> <div  class=\"ContentSwap103-center\"> <h4  class=\"protfolio-full-itemtitle\">Amazon FBA<\/h4><a class=\"button yellow\" href=\"#\" target=\"_self\" rel=\"noopener\">Mehr erfahren<\/a> <\/div> <\/div> <\/div> <\/div> <div  class=\"portfolio-full-projectco cp4cols cp4cols-tablet\"> <div  class=\"contentswap-effect ContentSwap103\" hover-fx=\"ContentSwap103\" id=\"ContentSwap103\" is-hovered=\"1\"> <div  class=\"ContentSwap103_content initial-image\"><img  decoding=\"async\" class=\"portfolio-full-projectimg\" data-size=\"1200x800\" src=\"https:\/\/markt-pro.de\/wp-content\/uploads\/2025\/01\/cropped-crm-7142692_640.jpg\"> <\/div> <div  class=\"overlay\" style=\"display: block; opacity: 1;\"><\/div> <div  class=\"swap-inner\" style=\"opacity: 1; display: block;\"> <div  class=\"ContentSwap103-center\"> <h4  class=\"protfolio-full-itemtitle\">Warenwirtschaftsystem<\/h4><a class=\"button yellow\" href=\"#\" target=\"_self\" rel=\"noopener\">Mehr erfahren<\/a> <\/div> <\/div> <\/div> <\/div> <div  class=\"portfolio-full-projectco cp4cols cp4cols-tablet\"> <div  class=\"contentswap-effect ContentSwap103\" hover-fx=\"ContentSwap103\" id=\"ContentSwap103\" is-hovered=\"1\"> <div  class=\"ContentSwap103_content initial-image\"><img  decoding=\"async\" class=\"portfolio-full-projectimg\" data-size=\"1200x800\" src=\"https:\/\/markt-pro.de\/wp-content\/uploads\/2025\/01\/cropped-logistics-852939_640.jpg\"> <\/div> <div  class=\"overlay\" style=\"display: block; opacity: 1;\"><\/div> <div  class=\"swap-inner\" style=\"opacity: 1; display: block;\"> <div  class=\"ContentSwap103-center\"> <h4  class=\"protfolio-full-itemtitle\">Warenmanagmentsystem<\/h4><a class=\"button yellow\" href=\"#\" target=\"_self\" rel=\"noopener\">mehr erfahren<\/a> <\/div> <\/div> <\/div> <\/div><\/div><\/div><div  id=\"testimonials-1\" style=\"background-color: #f6f6f6;\" data-label=\"Testimonials\" data-id=\"testimonials-boxed-section\" data-category=\"testimonials\" class=\"testimonials-boxed-section\"> <div  class=\"gridContainer\"> <div  class=\"testimonials-boxed-textcol dynamic-color\" data-type=\"column\"> <h2  class=\"\">Was unsere Kunden \u00fcber uns sagen<\/h2> <p  class=\"\">Unsere Mission ist dein Erfolg! Erfahre aus erster Hand, wie wir Unternehmen dabei geholfen haben, ihre E-Commerce-Ziele zu erreichen. Ob Warenwirtschaft, Marktpl\u00e4tze oder Webshop-Optimierung \u2013 unsere Kunden vertrauen auf unsere Expertise. Hier sind einige ihrer Erfolgsgeschichten.<\/p> <\/div> <div  class=\"testimonials-boxed-itemsrow dark-text\" data-type=\"row\"> <div  class=\"testimonials-boxed-itemcol cp4cols cp6cols-tablet\"> <div  class=\"testimonials-boxed-itemcard\" data-type=\"column\"> <h4  class=\"testimonials-boxed-itemtext\">\u201cDank Markt Pro habe ich endlich den \u00dcberblick \u00fcber meine Lagerbest\u00e4nde. Fr\u00fcher war es chaotisch, und ich hatte st\u00e4ndig Fehlbest\u00e4nde \u2013 jetzt l\u00e4uft alles reibungslos. Besonders beeindruckt hat mich die einfache Integration der Warenwirtschaft in meinen bestehenden Shop. Ein echter Gamechanger!\u201d<\/h4><img  decoding=\"async\" class=\"testimonials-boxed-itemimg\" data-size=\"500x500\" src=\"https:\/\/markt-pro.de\/wp-content\/plugins\/one-page-express-companion\/theme-data\/one-page-express\/sections\/images\/face4.jpg\"> <h5  class=\"testimonials-boxed-itemname\">Anna M\u00fcller<\/h5> <h6  class=\"testimonials-boxed-itempos\">Inhaberin eines Online-Modegesch\u00e4fts<\/h6> <\/div> <\/div> <div  class=\"testimonials-boxed-itemcol cp4cols cp6cols-tablet\"> <div  class=\"testimonials-boxed-itemcard\" data-type=\"column\"> <h4  class=\"testimonials-boxed-itemtext\">\u201cIch wollte schon lange auf Marktpl\u00e4tzen wie Amazon und eBay verkaufen, wusste aber nicht, wo ich anfangen sollte. Markt Pro hat alles f\u00fcr mich eingerichtet und meine Produkte perfekt aufbereitet. Die Verk\u00e4ufe sind durch die Decke gegangen! Gro\u00dfartig!\u201d&nbsp;\n<br ><br > &nbsp; &nbsp; &nbsp; &nbsp;\n<br ><br >\n<\/h4><img  decoding=\"async\" class=\"testimonials-boxed-itemimg\" data-size=\"500x500\" src=\"https:\/\/markt-pro.de\/wp-content\/plugins\/one-page-express-companion\/theme-data\/one-page-express\/sections\/images\/face9.jpg\"> <h5  class=\"testimonials-boxed-itemname\">Markus Weber<\/h5> <h6  class=\"testimonials-boxed-itempos\">Gesch\u00e4ftsf\u00fchrer eines Technikshops\n<\/h6> <\/div> <\/div> <div  class=\"testimonials-boxed-itemcol cp4cols cp6cols-tablet\"> <div  class=\"testimonials-boxed-itemcard\" data-type=\"column\"> <h4  class=\"testimonials-boxed-itemtext\">\u201cDie Experten von Markt Pro haben meinen Webshop nicht nur technisch optimiert, sondern mir auch bei der Marketingstrategie geholfen. Der Kundensupport ist erstklassig, und ich habe das Gef\u00fchl, wirklich verstanden zu werden. 100% Weiterempfehlung!\u201d\n<br ><br >\n\n<br ><\/h4><img  decoding=\"async\" class=\"testimonials-boxed-itemimg\" data-size=\"500x500\" src=\"https:\/\/markt-pro.de\/wp-content\/plugins\/one-page-express-companion\/theme-data\/one-page-express\/sections\/images\/face7.jpg\"> <h5  class=\"testimonials-boxed-itemname\">Sophia Klein<\/h5> <h6  class=\"testimonials-boxed-itempos\">Betreiberin eines nachhaltigen Onlineshops<\/h6> <\/div> <\/div> <\/div> <\/div><\/div><div  id=\"cta-1\" data-label=\"Call to action\" data-id=\"cta-blue-section\" data-category=\"cta\" class=\"cta-blue-section\"> <div  class=\"gridContainer\"> <div  class=\"flexbox-list flexbox-list-align-center row\"> <div  class=\"cta-blue-textcol dynamic-color\"> <h2  class=\"cta-blue-text\"><b  class=\"element2\">Wir&nbsp;<\/b>bringen dein Gesch\u00e4ft Online!<\/h2> <\/div> <div  class=\"cta-blue-btncol\"> <a class=\"button big yellow dark-text\" href=\"#\" target=\"_self\" rel=\"noopener\"> Beginne jetzt! <\/a> <\/div> <\/div> <\/div> <\/div><div  id=\"numbers\" data-label=\"Numbers\" data-id=\"numbers-section\" data-category=\"numbers\" data-bg=\"transparent\" class=\"numbers-section\" data-parallax-depth=\"20\"> <div  class=\"gridContainer dynamic-color\"> <div  class=\"numbers-itemcol\"> <h2  class=\"numbers-numbertext\">230<\/h2> <h3  class=\"numbers-titletext\">PROJECTS<\/h3> <\/div> <div  class=\"numbers-itemcol\"> <h2  class=\"numbers-numbertext\">75340<\/h2> <h3  class=\"numbers-titletext\">WORKED HOURS<\/h3> <\/div> <div  class=\"numbers-itemcol-last\"> <h2  class=\"numbers-numbertext\">25<\/h2> <h3  class=\"numbers-titletext\">EMPLOYEES<\/h3> <\/div> <\/div><\/div><div  id=\"contact-4\" data-label=\"Contact\" data-id=\"contact-section\" data-category=\"contact\" data-bg=\"transparent\" class=\"contact-section-formsection white-text\"> <div  class=\"gridContainer\"> <div  class=\"row_224\"> <div  class=\"contact-textrow\"> <div  class=\"contact-textcol dynamic-color\"> <h2  class=\"\">Kontaktieren Sie uns<\/h2> <p  class=\"white_text\">Haben Sie Fragen oder m\u00f6chten Sie mehr \u00fcber unsere Leistungen erfahren? F\u00fcllen Sie einfach das Formular aus \u2013 wir melden uns schnellstm\u00f6glich bei Ihnen!<\/p> <\/div> <\/div> <\/div> <div  class=\"contact-formcol\" data-content-shortcode=\"one_page_express_contact_form shortcode=&quot;contact-form-7 id=&amp;amp;quot;e934366&amp;amp;quot; title=&amp;amp;quot;Kontaktformular 1&amp;amp;quot;&quot;\" data-editable=\"true\">\n<div class=\"wpcf7 no-js\" id=\"wpcf7-f94-o1\" lang=\"de-DE\" dir=\"ltr\" data-wpcf7-id=\"94\">\n<div class=\"screen-reader-response\"><p role=\"status\" aria-live=\"polite\" aria-atomic=\"true\"><\/p> <ul><\/ul><\/div>\n<form action=\"\/index.php?rest_route=%2Fwp%2Fv2%2Fpages%2F17#wpcf7-f94-o1\" method=\"post\" class=\"wpcf7-form init\" aria-label=\"Kontaktformular\" novalidate=\"novalidate\" data-status=\"init\">\n<div style=\"display: none;\">\n<input type=\"hidden\" name=\"_wpcf7\" value=\"94\" \/>\n<input type=\"hidden\" name=\"_wpcf7_version\" value=\"6.0.2\" \/>\n<input type=\"hidden\" name=\"_wpcf7_locale\" value=\"de_DE\" \/>\n<input type=\"hidden\" name=\"_wpcf7_unit_tag\" value=\"wpcf7-f94-o1\" \/>\n<input type=\"hidden\" name=\"_wpcf7_container_post\" value=\"0\" \/>\n<input type=\"hidden\" name=\"_wpcf7_posted_data_hash\" value=\"\" \/>\n<\/div>\n<p><label> Dein Name<br \/>\n<span class=\"wpcf7-form-control-wrap\" data-name=\"your-name\"><input size=\"40\" maxlength=\"400\" class=\"wpcf7-form-control wpcf7-text wpcf7-validates-as-required\" autocomplete=\"name\" aria-required=\"true\" aria-invalid=\"false\" value=\"\" type=\"text\" name=\"your-name\" \/><\/span> <\/label>\n<\/p>\n<p><label> Deine E-Mail-Adresse<br \/>\n<span class=\"wpcf7-form-control-wrap\" data-name=\"your-email\"><input size=\"40\" maxlength=\"400\" class=\"wpcf7-form-control wpcf7-email wpcf7-validates-as-required wpcf7-text wpcf7-validates-as-email\" autocomplete=\"email\" aria-required=\"true\" aria-invalid=\"false\" value=\"\" type=\"email\" name=\"your-email\" \/><\/span> <\/label>\n<\/p>\n<p><label> Betreff<br \/>\n<span class=\"wpcf7-form-control-wrap\" data-name=\"your-subject\"><input size=\"40\" maxlength=\"400\" class=\"wpcf7-form-control wpcf7-text wpcf7-validates-as-required\" aria-required=\"true\" aria-invalid=\"false\" value=\"\" type=\"text\" name=\"your-subject\" \/><\/span> <\/label>\n<\/p>\n<p><label> Deine Nachricht (optional)<br \/>\n<span class=\"wpcf7-form-control-wrap\" data-name=\"your-message\"><textarea cols=\"40\" rows=\"10\" maxlength=\"2000\" class=\"wpcf7-form-control wpcf7-textarea\" aria-invalid=\"false\" name=\"your-message\"><\/textarea><\/span> <\/label>\n<\/p>\n<p><input class=\"wpcf7-form-control wpcf7-submit has-spinner\" type=\"submit\" value=\"Senden\" \/>\n<\/p><div class=\"wpcf7-response-output\" aria-hidden=\"true\"><\/div>\n<\/form>\n<\/div>\n<\/div> <\/div><\/div>","protected":false},"excerpt":{"rendered":"<p>Webshop Wir entwickeln ma\u00dfgeschneiderte Webshops, die genau auf deine Bed\u00fcrfnisse abgestimmt sind. Von Design bis zur Integration von Bezahlsystemen.. Mehr erfahren Effizientes Warenwirtschaft Behalte den \u00dcberblick \u00fcber deinen Bestand! Mit unseren L\u00f6sungen f\u00fcr Warenwirtschaft &amp; Lagermanagement optimierst du deine Prozesse .. MEHR ERFAHREN Marktpl\u00e4tze Erreiche mehr Kunden, indem du deinen Shop auf f\u00fchrenden Marktpl\u00e4tzen wie&hellip; <br \/> <a class=\"button small blue\" href=\"https:\/\/markt-pro.de\/?p=1\">Weiterlesen<\/a><\/p>\n","protected":false},"author":1,"featured_media":0,"parent":0,"menu_order":0,"comment_status":"closed","ping_status":"closed","template":"","meta":{"footnotes":""},"class_list":["post-17","page","type-page","status-publish","hentry"],"_links":{"self":[{"href":"https:\/\/markt-pro.de\/index.php?rest_route=\/wp\/v2\/pages\/17"}],"collection":[{"href":"https:\/\/markt-pro.de\/index.php?rest_route=\/wp\/v2\/pages"}],"about":[{"href":"https:\/\/markt-pro.de\/index.php?rest_route=\/wp\/v2\/types\/page"}],"author":[{"embeddable":true,"href":"https:\/\/markt-pro.de\/index.php?rest_route=\/wp\/v2\/users\/1"}],"replies":[{"embeddable":true,"href":"https:\/\/markt-pro.de\/index.php?rest_route=%2Fwp%2Fv2%2Fcomments&post=17"}],"version-history":[{"count":23,"href":"https:\/\/markt-pro.de\/index.php?rest_route=\/wp\/v2\/pages\/17\/revisions"}],"predecessor-version":[{"id":98,"href":"https:\/\/markt-pro.de\/index.php?rest_route=\/wp\/v2\/pages\/17\/revisions\/98"}],"wp:attachment":[{"href":"https:\/\/markt-pro.de\/index.php?rest_route=%2Fwp%2Fv2%2Fmedia&parent=17"}],"curies":[{"name":"wp","href":"https:\/\/api.w.org\/{rel}","templated":true}]}}